{"id":1405,"date":"2021-05-03T15:45:29","date_gmt":"2021-05-03T15:45:29","guid":{"rendered":"https:\/\/www.mercex.com.br\/?page_id=1405"},"modified":"2021-05-03T15:59:44","modified_gmt":"2021-05-03T15:59:44","slug":"privacidade","status":"publish","type":"page","link":"https:\/\/www.mercex.com.br\/?page_id=1405","title":{"rendered":"Aviso de Privacidade"},"content":{"rendered":"\t\t<div data-elementor-type=\"wp-page\" data-elementor-id=\"1405\" class=\"elementor elementor-1405\">\n\t\t\t\t\t\t\t\t\t<section class=\"elementor-section elementor-top-section elementor-element elementor-element-c465a0f elementor-section-boxed elementor-section-height-default elementor-section-height-default\" data-id=\"c465a0f\" data-element_type=\"section\">\n\t\t\t\t\t\t<div class=\"elementor-container elementor-column-gap-default\">\n\t\t\t\t\t<div class=\"elementor-column elementor-col-100 elementor-top-column elementor-element elementor-element-da4d6b1\" data-id=\"da4d6b1\" data-element_type=\"column\">\n\t\t\t<div class=\"elementor-widget-wrap elementor-element-populated\">\n\t\t\t\t\t\t\t\t<div class=\"elementor-element elementor-element-d72bed9 elementor-widget elementor-widget-image\" data-id=\"d72bed9\" data-element_type=\"widget\" data-widget_type=\"image.default\">\n\t\t\t\t<div class=\"elementor-widget-container\">\n\t\t\t\t\t\t\t\t\t\t\t\t\t\t\t<img decoding=\"async\" loading=\"lazy\" width=\"1024\" height=\"307\" src=\"https:\/\/www.mercex.com.br\/wp-content\/uploads\/2021\/05\/lgpd-1024x307.png\" class=\"attachment-large size-large wp-image-1407\" alt=\"\" srcset=\"https:\/\/www.mercex.com.br\/wp-content\/uploads\/2021\/05\/lgpd-200x60.png 200w, https:\/\/www.mercex.com.br\/wp-content\/uploads\/2021\/05\/lgpd-300x90.png 300w, https:\/\/www.mercex.com.br\/wp-content\/uploads\/2021\/05\/lgpd-400x120.png 400w, https:\/\/www.mercex.com.br\/wp-content\/uploads\/2021\/05\/lgpd-600x180.png 600w, https:\/\/www.mercex.com.br\/wp-content\/uploads\/2021\/05\/lgpd-768x230.png 768w, https:\/\/www.mercex.com.br\/wp-content\/uploads\/2021\/05\/lgpd-800x240.png 800w, https:\/\/www.mercex.com.br\/wp-content\/uploads\/2021\/05\/lgpd-1024x307.png 1024w, https:\/\/www.mercex.com.br\/wp-content\/uploads\/2021\/05\/lgpd-1200x360.png 1200w, https:\/\/www.mercex.com.br\/wp-content\/uploads\/2021\/05\/lgpd-1536x461.png 1536w, https:\/\/www.mercex.com.br\/wp-content\/uploads\/2021\/05\/lgpd.png 1920w\" sizes=\"(max-width: 1024px) 100vw, 1024px\" \/>\t\t\t\t\t\t\t\t\t\t\t\t\t\t\t<\/div>\n\t\t\t\t<\/div>\n\t\t\t\t\t<\/div>\n\t\t<\/div>\n\t\t\t\t\t\t\t<\/div>\n\t\t<\/section>\n\t\t\t\t<section class=\"elementor-section elementor-top-section elementor-element elementor-element-0491dfa elementor-section-boxed elementor-section-height-default elementor-section-height-default\" data-id=\"0491dfa\" data-element_type=\"section\">\n\t\t\t\t\t\t<div class=\"elementor-container elementor-column-gap-default\">\n\t\t\t\t\t<div class=\"elementor-column elementor-col-100 elementor-top-column elementor-element elementor-element-5214a4d\" data-id=\"5214a4d\" data-element_type=\"column\">\n\t\t\t<div class=\"elementor-widget-wrap elementor-element-populated\">\n\t\t\t\t\t\t\t\t<div class=\"elementor-element elementor-element-47347e2 elementor-widget elementor-widget-heading\" data-id=\"47347e2\" data-element_type=\"widget\" data-widget_type=\"heading.default\">\n\t\t\t\t<div class=\"elementor-widget-container\">\n\t\t\t<h2 class=\"elementor-heading-title elementor-size-default\">AVISO DE PRIVACIDADE E DECLARA\u00c7\u00c3O DE PROTE\u00c7\u00c3O DE DADOS<\/h2>\t\t<\/div>\n\t\t\t\t<\/div>\n\t\t\t\t<div class=\"elementor-element elementor-element-0223dea elementor-widget elementor-widget-text-editor\" data-id=\"0223dea\" data-element_type=\"widget\" data-widget_type=\"text-editor.default\">\n\t\t\t\t<div class=\"elementor-widget-container\">\n\t\t\t\t\t\t\t<p>A <strong>Mercex Comercial<\/strong>, compromete-se em garantir a privacidade e a prote\u00e7\u00e3o de dados dos nossos clientes e usu\u00e1rios, que visitam o nosso website. \u00c9 fundamental para n\u00f3s a salvaguarda e a preserva\u00e7\u00e3o segura, bem como a utiliza\u00e7\u00e3o respons\u00e1vel e transparente de todas as informa\u00e7\u00f5es, que nos s\u00e3o confiadas, e n\u00e3o compartilhamos com terceiros, nos termos da Lei n\u00b0 13.709\/2018, denominada Lei Geral de Prote\u00e7\u00e3o de Dados (LGPD).<\/p>\t\t\t\t\t\t<\/div>\n\t\t\t\t<\/div>\n\t\t\t\t\t<\/div>\n\t\t<\/div>\n\t\t\t\t\t\t\t<\/div>\n\t\t<\/section>\n\t\t\t\t\t\t\t<\/div>\n\t\t","protected":false},"excerpt":{"rendered":"<p>AVISO DE PRIVACIDADE E DECLARA\u00c7\u00c3O DE PROTE\u00c7\u00c3O DE DADOS A [&hellip;]<\/p>\n","protected":false},"author":1,"featured_media":0,"parent":0,"menu_order":0,"comment_status":"closed","ping_status":"closed","template":"","meta":{"footnotes":""},"_links":{"self":[{"href":"https:\/\/www.mercex.com.br\/index.php?rest_route=\/wp\/v2\/pages\/1405"}],"collection":[{"href":"https:\/\/www.mercex.com.br\/index.php?rest_route=\/wp\/v2\/pages"}],"about":[{"href":"https:\/\/www.mercex.com.br\/index.php?rest_route=\/wp\/v2\/types\/page"}],"author":[{"embeddable":true,"href":"https:\/\/www.mercex.com.br\/index.php?rest_route=\/wp\/v2\/users\/1"}],"replies":[{"embeddable":true,"href":"https:\/\/www.mercex.com.br\/index.php?rest_route=%2Fwp%2Fv2%2Fcomments&post=1405"}],"version-history":[{"count":8,"href":"https:\/\/www.mercex.com.br\/index.php?rest_route=\/wp\/v2\/pages\/1405\/revisions"}],"predecessor-version":[{"id":1415,"href":"https:\/\/www.mercex.com.br\/index.php?rest_route=\/wp\/v2\/pages\/1405\/revisions\/1415"}],"wp:attachment":[{"href":"https:\/\/www.mercex.com.br\/index.php?rest_route=%2Fwp%2Fv2%2Fmedia&parent=1405"}],"curies":[{"name":"wp","href":"https:\/\/api.w.org\/{rel}","templated":true}]}}